{"id":1221,"date":"2025-10-05T20:36:45","date_gmt":"2025-10-05T18:36:45","guid":{"rendered":"https:\/\/justknow.pl\/?page_id=1221"},"modified":"2025-10-06T18:31:11","modified_gmt":"2025-10-06T16:31:11","slug":"poznajmy-sie","status":"publish","type":"page","link":"https:\/\/justknow.pl\/index.php\/poznajmy-sie\/","title":{"rendered":"Poznajmy si\u0119"},"content":{"rendered":"\n<p>Cze\u015b\u0107! Nazywam si\u0119 Milena Ga\u0142decka i od kilku lat zawodowo pracuj\u0119 jako Specjalista do spraw kadr i p\u0142ac. Pomagam w\u0142a\u015bcicielom firm w prowadzeniu dokumentacji pracowniczej, naliczaniu wynagrodze\u0144 oraz rozliczeniach z ZUS i urz\u0119dem skarbowym.<\/p>\n\n\n\n<p>Prawo pracy to moja pasja. Lubi\u0119 zg\u0142\u0119bia\u0107 jego zawi\u0142o\u015bci i przek\u0142ada\u0107 je na praktyczne rozwi\u0105zania, kt\u00f3re u\u0142atwiaj\u0105 codzienn\u0105 prac\u0119 pracodawcom i pracownikom.<\/p>\n\n\n\n<p>Pomys\u0142 na ten blog wzi\u0105\u0142 si\u0119 z mojego do\u015bwiadczenia \u2013 na pocz\u0105tku kariery, szukaj\u0105c rzetelnych informacji, trafia\u0142am na artyku\u0142y niesp\u00f3jne lub wykluczaj\u0105ce si\u0119. Postanowi\u0142am stworzy\u0107 miejsce, w kt\u00f3rym tematy kadrowo\u2013p\u0142acowe s\u0105 <strong>klarownie opisane od A do Z<\/strong>, zgodnie z obowi\u0105zuj\u0105cymi przepisami.<\/p>\n\n\n\n<p>Na blogu dziel\u0119 si\u0119 praktycznymi wskaz\u00f3wkami, aktualno\u015bciami i poradami, kt\u00f3re pomagaj\u0105 w codziennej pracy w HR oraz we w\u0142asnej firmie, je\u015bli zatrudniasz pracownik\u00f3w. <\/p>\n\n\n\n<p><strong>Bez znaczenia, czy jeste\u015b pracownikiem, pracodawc\u0105 czy osob\u0105 zajmuj\u0105c\u0105 si\u0119 tak jak ja kadrami \u2013 mam nadziej\u0119, \u017ce informacje zawarte na blogu u\u0142atwi\u0105 Ci dzie\u0144.<\/strong><\/p>\n\n\n\n<p>Wi\u0119cej informacji o mnie znajdziesz na moim profilu <a href=\"http:\/\/www.linkedin.com\/in\/milena-ga\u0142decka-3324a8221\">linkedIn<\/a>.<\/p>\n","protected":false},"excerpt":{"rendered":"<p>Cze\u015b\u0107! Nazywam si\u0119 Milena Ga\u0142decka i od kilku lat zawodowo pracuj\u0119 jako Specjalista do spraw kadr i p\u0142ac. Pomagam w\u0142a\u015bcicielom firm w prowadzeniu dokumentacji pracowniczej, naliczaniu wynagrodze\u0144 oraz rozliczeniach z ZUS i urz\u0119dem skarbowym. Prawo pracy to moja pasja. Lubi\u0119 zg\u0142\u0119bia\u0107 jego zawi\u0142o\u015bci i przek\u0142ada\u0107 je na praktyczne rozwi\u0105zania, kt\u00f3re u\u0142atwiaj\u0105 codzienn\u0105 prac\u0119 pracodawcom i [&hellip;]<\/p>\n","protected":false},"author":2,"featured_media":0,"parent":0,"menu_order":0,"comment_status":"closed","ping_status":"closed","template":"","meta":{"footnotes":""},"class_list":["post-1221","page","type-page","status-publish","hentry"],"yoast_head":"<!-- This site is optimized with the Yoast SEO plugin v27.4 - https:\/\/yoast.com\/product\/yoast-seo-wordpress\/ -->\n<title>Poznajmy si\u0119 - Just know<\/title>\n<meta name=\"description\" content=\"Zawodowo zajmuj\u0119 si\u0119 prowadzeniem spraw kadrowo - p\u0142acowych ma\u0142ych i \u015brednich przedsi\u0119biorstw z r\u00f3\u017cnych bran\u017c.\" \/>\n<meta name=\"robots\" content=\"index, follow, max-snippet:-1, max-image-preview:large, max-video-preview:-1\" \/>\n<link rel=\"canonical\" href=\"https:\/\/justknow.pl\/index.php\/poznajmy-sie\/\" \/>\n<meta property=\"og:locale\" content=\"pl_PL\" \/>\n<meta property=\"og:type\" content=\"article\" \/>\n<meta property=\"og:title\" content=\"Poznajmy si\u0119 - Just know\" \/>\n<meta property=\"og:description\" content=\"Zawodowo zajmuj\u0119 si\u0119 prowadzeniem spraw kadrowo - p\u0142acowych ma\u0142ych i \u015brednich przedsi\u0119biorstw z r\u00f3\u017cnych bran\u017c.\" \/>\n<meta property=\"og:url\" content=\"https:\/\/justknow.pl\/index.php\/poznajmy-sie\/\" \/>\n<meta property=\"og:site_name\" content=\"Just know\" \/>\n<meta property=\"article:modified_time\" content=\"2025-10-06T16:31:11+00:00\" \/>\n<meta name=\"twitter:card\" content=\"summary_large_image\" \/>\n<meta name=\"twitter:label1\" content=\"Szacowany czas czytania\" \/>\n\t<meta name=\"twitter:data1\" content=\"1 minuta\" \/>\n<script type=\"application\/ld+json\" class=\"yoast-schema-graph\">{\"@context\":\"https:\\\/\\\/schema.org\",\"@graph\":[{\"@type\":[\"Article\",\"BlogPosting\"],\"@id\":\"https:\\\/\\\/justknow.pl\\\/index.php\\\/poznajmy-sie\\\/#article\",\"isPartOf\":{\"@id\":\"https:\\\/\\\/justknow.pl\\\/index.php\\\/poznajmy-sie\\\/\"},\"author\":{\"name\":\"Milena Ga\u0142decka\",\"@id\":\"https:\\\/\\\/justknow.pl\\\/#\\\/schema\\\/person\\\/172bd2c8d386991627c61dd69901d9fd\"},\"headline\":\"Poznajmy si\u0119\",\"datePublished\":\"2025-10-05T18:36:45+00:00\",\"dateModified\":\"2025-10-06T16:31:11+00:00\",\"mainEntityOfPage\":{\"@id\":\"https:\\\/\\\/justknow.pl\\\/index.php\\\/poznajmy-sie\\\/\"},\"wordCount\":188,\"publisher\":{\"@id\":\"https:\\\/\\\/justknow.pl\\\/#\\\/schema\\\/person\\\/172bd2c8d386991627c61dd69901d9fd\"},\"inLanguage\":\"pl-PL\"},{\"@type\":\"WebPage\",\"@id\":\"https:\\\/\\\/justknow.pl\\\/index.php\\\/poznajmy-sie\\\/\",\"url\":\"https:\\\/\\\/justknow.pl\\\/index.php\\\/poznajmy-sie\\\/\",\"name\":\"Poznajmy si\u0119 - Just know\",\"isPartOf\":{\"@id\":\"https:\\\/\\\/justknow.pl\\\/#website\"},\"datePublished\":\"2025-10-05T18:36:45+00:00\",\"dateModified\":\"2025-10-06T16:31:11+00:00\",\"description\":\"Zawodowo zajmuj\u0119 si\u0119 prowadzeniem spraw kadrowo - p\u0142acowych ma\u0142ych i \u015brednich przedsi\u0119biorstw z r\u00f3\u017cnych bran\u017c.\",\"breadcrumb\":{\"@id\":\"https:\\\/\\\/justknow.pl\\\/index.php\\\/poznajmy-sie\\\/#breadcrumb\"},\"inLanguage\":\"pl-PL\",\"potentialAction\":[{\"@type\":\"ReadAction\",\"target\":[\"https:\\\/\\\/justknow.pl\\\/index.php\\\/poznajmy-sie\\\/\"]}]},{\"@type\":\"BreadcrumbList\",\"@id\":\"https:\\\/\\\/justknow.pl\\\/index.php\\\/poznajmy-sie\\\/#breadcrumb\",\"itemListElement\":[{\"@type\":\"ListItem\",\"position\":1,\"name\":\"Strona g\u0142\u00f3wna\",\"item\":\"https:\\\/\\\/justknow.pl\\\/\"},{\"@type\":\"ListItem\",\"position\":2,\"name\":\"Poznajmy si\u0119\"}]},{\"@type\":\"WebSite\",\"@id\":\"https:\\\/\\\/justknow.pl\\\/#website\",\"url\":\"https:\\\/\\\/justknow.pl\\\/\",\"name\":\"Just know\",\"description\":\"po prostu wiedz\",\"publisher\":{\"@id\":\"https:\\\/\\\/justknow.pl\\\/#\\\/schema\\\/person\\\/172bd2c8d386991627c61dd69901d9fd\"},\"potentialAction\":[{\"@type\":\"SearchAction\",\"target\":{\"@type\":\"EntryPoint\",\"urlTemplate\":\"https:\\\/\\\/justknow.pl\\\/?s={search_term_string}\"},\"query-input\":{\"@type\":\"PropertyValueSpecification\",\"valueRequired\":true,\"valueName\":\"search_term_string\"}}],\"inLanguage\":\"pl-PL\"},{\"@type\":[\"Person\",\"Organization\"],\"@id\":\"https:\\\/\\\/justknow.pl\\\/#\\\/schema\\\/person\\\/172bd2c8d386991627c61dd69901d9fd\",\"name\":\"Milena Ga\u0142decka\",\"image\":{\"@type\":\"ImageObject\",\"inLanguage\":\"pl-PL\",\"@id\":\"https:\\\/\\\/justknow.pl\\\/wp-content\\\/uploads\\\/2025\\\/10\\\/cropped-ChatGPT-Image-8-paz-2025-16_13_29.png\",\"url\":\"https:\\\/\\\/justknow.pl\\\/wp-content\\\/uploads\\\/2025\\\/10\\\/cropped-ChatGPT-Image-8-paz-2025-16_13_29.png\",\"contentUrl\":\"https:\\\/\\\/justknow.pl\\\/wp-content\\\/uploads\\\/2025\\\/10\\\/cropped-ChatGPT-Image-8-paz-2025-16_13_29.png\",\"width\":832,\"height\":282,\"caption\":\"Milena Ga\u0142decka\"},\"logo\":{\"@id\":\"https:\\\/\\\/justknow.pl\\\/wp-content\\\/uploads\\\/2025\\\/10\\\/cropped-ChatGPT-Image-8-paz-2025-16_13_29.png\"},\"sameAs\":[\"http:\\\/\\\/justknow.pl\"],\"url\":\"https:\\\/\\\/justknow.pl\\\/index.php\\\/author\\\/milenagaldecka\\\/\"}]}<\/script>\n<!-- \/ Yoast SEO plugin. -->","yoast_head_json":{"title":"Poznajmy si\u0119 - Just know","description":"Zawodowo zajmuj\u0119 si\u0119 prowadzeniem spraw kadrowo - p\u0142acowych ma\u0142ych i \u015brednich przedsi\u0119biorstw z r\u00f3\u017cnych bran\u017c.","robots":{"index":"index","follow":"follow","max-snippet":"max-snippet:-1","max-image-preview":"max-image-preview:large","max-video-preview":"max-video-preview:-1"},"canonical":"https:\/\/justknow.pl\/index.php\/poznajmy-sie\/","og_locale":"pl_PL","og_type":"article","og_title":"Poznajmy si\u0119 - Just know","og_description":"Zawodowo zajmuj\u0119 si\u0119 prowadzeniem spraw kadrowo - p\u0142acowych ma\u0142ych i \u015brednich przedsi\u0119biorstw z r\u00f3\u017cnych bran\u017c.","og_url":"https:\/\/justknow.pl\/index.php\/poznajmy-sie\/","og_site_name":"Just know","article_modified_time":"2025-10-06T16:31:11+00:00","twitter_card":"summary_large_image","twitter_misc":{"Szacowany czas czytania":"1 minuta"},"schema":{"@context":"https:\/\/schema.org","@graph":[{"@type":["Article","BlogPosting"],"@id":"https:\/\/justknow.pl\/index.php\/poznajmy-sie\/#article","isPartOf":{"@id":"https:\/\/justknow.pl\/index.php\/poznajmy-sie\/"},"author":{"name":"Milena Ga\u0142decka","@id":"https:\/\/justknow.pl\/#\/schema\/person\/172bd2c8d386991627c61dd69901d9fd"},"headline":"Poznajmy si\u0119","datePublished":"2025-10-05T18:36:45+00:00","dateModified":"2025-10-06T16:31:11+00:00","mainEntityOfPage":{"@id":"https:\/\/justknow.pl\/index.php\/poznajmy-sie\/"},"wordCount":188,"publisher":{"@id":"https:\/\/justknow.pl\/#\/schema\/person\/172bd2c8d386991627c61dd69901d9fd"},"inLanguage":"pl-PL"},{"@type":"WebPage","@id":"https:\/\/justknow.pl\/index.php\/poznajmy-sie\/","url":"https:\/\/justknow.pl\/index.php\/poznajmy-sie\/","name":"Poznajmy si\u0119 - Just know","isPartOf":{"@id":"https:\/\/justknow.pl\/#website"},"datePublished":"2025-10-05T18:36:45+00:00","dateModified":"2025-10-06T16:31:11+00:00","description":"Zawodowo zajmuj\u0119 si\u0119 prowadzeniem spraw kadrowo - p\u0142acowych ma\u0142ych i \u015brednich przedsi\u0119biorstw z r\u00f3\u017cnych bran\u017c.","breadcrumb":{"@id":"https:\/\/justknow.pl\/index.php\/poznajmy-sie\/#breadcrumb"},"inLanguage":"pl-PL","potentialAction":[{"@type":"ReadAction","target":["https:\/\/justknow.pl\/index.php\/poznajmy-sie\/"]}]},{"@type":"BreadcrumbList","@id":"https:\/\/justknow.pl\/index.php\/poznajmy-sie\/#breadcrumb","itemListElement":[{"@type":"ListItem","position":1,"name":"Strona g\u0142\u00f3wna","item":"https:\/\/justknow.pl\/"},{"@type":"ListItem","position":2,"name":"Poznajmy si\u0119"}]},{"@type":"WebSite","@id":"https:\/\/justknow.pl\/#website","url":"https:\/\/justknow.pl\/","name":"Just know","description":"po prostu wiedz","publisher":{"@id":"https:\/\/justknow.pl\/#\/schema\/person\/172bd2c8d386991627c61dd69901d9fd"},"potentialAction":[{"@type":"SearchAction","target":{"@type":"EntryPoint","urlTemplate":"https:\/\/justknow.pl\/?s={search_term_string}"},"query-input":{"@type":"PropertyValueSpecification","valueRequired":true,"valueName":"search_term_string"}}],"inLanguage":"pl-PL"},{"@type":["Person","Organization"],"@id":"https:\/\/justknow.pl\/#\/schema\/person\/172bd2c8d386991627c61dd69901d9fd","name":"Milena Ga\u0142decka","image":{"@type":"ImageObject","inLanguage":"pl-PL","@id":"https:\/\/justknow.pl\/wp-content\/uploads\/2025\/10\/cropped-ChatGPT-Image-8-paz-2025-16_13_29.png","url":"https:\/\/justknow.pl\/wp-content\/uploads\/2025\/10\/cropped-ChatGPT-Image-8-paz-2025-16_13_29.png","contentUrl":"https:\/\/justknow.pl\/wp-content\/uploads\/2025\/10\/cropped-ChatGPT-Image-8-paz-2025-16_13_29.png","width":832,"height":282,"caption":"Milena Ga\u0142decka"},"logo":{"@id":"https:\/\/justknow.pl\/wp-content\/uploads\/2025\/10\/cropped-ChatGPT-Image-8-paz-2025-16_13_29.png"},"sameAs":["http:\/\/justknow.pl"],"url":"https:\/\/justknow.pl\/index.php\/author\/milenagaldecka\/"}]}},"_links":{"self":[{"href":"https:\/\/justknow.pl\/index.php\/wp-json\/wp\/v2\/pages\/1221","targetHints":{"allow":["GET"]}}],"collection":[{"href":"https:\/\/justknow.pl\/index.php\/wp-json\/wp\/v2\/pages"}],"about":[{"href":"https:\/\/justknow.pl\/index.php\/wp-json\/wp\/v2\/types\/page"}],"author":[{"embeddable":true,"href":"https:\/\/justknow.pl\/index.php\/wp-json\/wp\/v2\/users\/2"}],"replies":[{"embeddable":true,"href":"https:\/\/justknow.pl\/index.php\/wp-json\/wp\/v2\/comments?post=1221"}],"version-history":[{"count":4,"href":"https:\/\/justknow.pl\/index.php\/wp-json\/wp\/v2\/pages\/1221\/revisions"}],"predecessor-version":[{"id":1260,"href":"https:\/\/justknow.pl\/index.php\/wp-json\/wp\/v2\/pages\/1221\/revisions\/1260"}],"wp:attachment":[{"href":"https:\/\/justknow.pl\/index.php\/wp-json\/wp\/v2\/media?parent=1221"}],"curies":[{"name":"wp","href":"https:\/\/api.w.org\/{rel}","templated":true}]}}