{"id":564,"date":"2026-03-13T20:34:15","date_gmt":"2026-03-13T18:34:15","guid":{"rendered":"https:\/\/justknow.pl\/?page_id=564"},"modified":"2026-03-13T22:19:08","modified_gmt":"2026-03-13T20:19:08","slug":"dokumenty-do-pobrania","status":"publish","type":"page","link":"https:\/\/justknow.pl\/index.php\/dokumenty-do-pobrania\/","title":{"rendered":"Dokumenty do pobrania"},"content":{"rendered":"\n<div class=\"wp-block-buttons is-layout-flex wp-block-buttons-is-layout-flex\"><\/div>\n\n\n\n<p>Umowa o prac\u0119<\/p>\n\n\n\n<a href=\"https:\/\/justknow.pl\/wp-content\/uploads\/2026\/03\/umowa-o-prace-na-okres-probny.pdf\">\n\ud83d\udcc4 Umowa o prac\u0119 na okres pr\u00f3bny &#8211; pobierz wz\u00f3r (PDF)\n<\/a>\n\n\n\n<p>Rozwi\u0105zanie umowy o prac\u0119<\/p>\n\n\n\n<p><\/p>\n","protected":false},"excerpt":{"rendered":"<p>Umowa o prac\u0119 \ud83d\udcc4 Umowa o prac\u0119 na okres pr\u00f3bny &#8211; pobierz wz\u00f3r (PDF) Rozwi\u0105zanie umowy o prac\u0119<\/p>\n","protected":false},"author":2,"featured_media":0,"parent":0,"menu_order":0,"comment_status":"closed","ping_status":"closed","template":"","meta":{"footnotes":""},"class_list":["post-564","page","type-page","status-publish","hentry"],"yoast_head":"<!-- This site is optimized with the Yoast SEO plugin v27.4 - https:\/\/yoast.com\/product\/yoast-seo-wordpress\/ -->\n<title>Dokumenty do pobrania - Just know<\/title>\n<meta name=\"robots\" content=\"index, follow, max-snippet:-1, max-image-preview:large, max-video-preview:-1\" \/>\n<link rel=\"canonical\" href=\"https:\/\/justknow.pl\/index.php\/dokumenty-do-pobrania\/\" \/>\n<meta property=\"og:locale\" content=\"pl_PL\" \/>\n<meta property=\"og:type\" content=\"article\" \/>\n<meta property=\"og:title\" content=\"Dokumenty do pobrania - Just know\" \/>\n<meta property=\"og:description\" content=\"Umowa o prac\u0119 \ud83d\udcc4 Umowa o prac\u0119 na okres pr\u00f3bny &#8211; pobierz wz\u00f3r (PDF) Rozwi\u0105zanie umowy o prac\u0119\" \/>\n<meta property=\"og:url\" content=\"https:\/\/justknow.pl\/index.php\/dokumenty-do-pobrania\/\" \/>\n<meta property=\"og:site_name\" content=\"Just know\" \/>\n<meta property=\"article:modified_time\" content=\"2026-03-13T20:19:08+00:00\" \/>\n<meta name=\"twitter:card\" content=\"summary_large_image\" \/>\n<meta name=\"twitter:label1\" content=\"Szacowany czas czytania\" \/>\n\t<meta name=\"twitter:data1\" content=\"1 minuta\" \/>\n<script type=\"application\/ld+json\" class=\"yoast-schema-graph\">{\"@context\":\"https:\\\/\\\/schema.org\",\"@graph\":[{\"@type\":\"WebPage\",\"@id\":\"https:\\\/\\\/justknow.pl\\\/index.php\\\/dokumenty-do-pobrania\\\/\",\"url\":\"https:\\\/\\\/justknow.pl\\\/index.php\\\/dokumenty-do-pobrania\\\/\",\"name\":\"Dokumenty do pobrania - Just know\",\"isPartOf\":{\"@id\":\"https:\\\/\\\/justknow.pl\\\/#website\"},\"datePublished\":\"2026-03-13T18:34:15+00:00\",\"dateModified\":\"2026-03-13T20:19:08+00:00\",\"breadcrumb\":{\"@id\":\"https:\\\/\\\/justknow.pl\\\/index.php\\\/dokumenty-do-pobrania\\\/#breadcrumb\"},\"inLanguage\":\"pl-PL\",\"potentialAction\":[{\"@type\":\"ReadAction\",\"target\":[\"https:\\\/\\\/justknow.pl\\\/index.php\\\/dokumenty-do-pobrania\\\/\"]}]},{\"@type\":\"BreadcrumbList\",\"@id\":\"https:\\\/\\\/justknow.pl\\\/index.php\\\/dokumenty-do-pobrania\\\/#breadcrumb\",\"itemListElement\":[{\"@type\":\"ListItem\",\"position\":1,\"name\":\"Strona g\u0142\u00f3wna\",\"item\":\"https:\\\/\\\/justknow.pl\\\/\"},{\"@type\":\"ListItem\",\"position\":2,\"name\":\"Dokumenty do pobrania\"}]},{\"@type\":\"WebSite\",\"@id\":\"https:\\\/\\\/justknow.pl\\\/#website\",\"url\":\"https:\\\/\\\/justknow.pl\\\/\",\"name\":\"Just know\",\"description\":\"po prostu wiedz\",\"publisher\":{\"@id\":\"https:\\\/\\\/justknow.pl\\\/#\\\/schema\\\/person\\\/172bd2c8d386991627c61dd69901d9fd\"},\"potentialAction\":[{\"@type\":\"SearchAction\",\"target\":{\"@type\":\"EntryPoint\",\"urlTemplate\":\"https:\\\/\\\/justknow.pl\\\/?s={search_term_string}\"},\"query-input\":{\"@type\":\"PropertyValueSpecification\",\"valueRequired\":true,\"valueName\":\"search_term_string\"}}],\"inLanguage\":\"pl-PL\"},{\"@type\":[\"Person\",\"Organization\"],\"@id\":\"https:\\\/\\\/justknow.pl\\\/#\\\/schema\\\/person\\\/172bd2c8d386991627c61dd69901d9fd\",\"name\":\"Milena Ga\u0142decka\",\"image\":{\"@type\":\"ImageObject\",\"inLanguage\":\"pl-PL\",\"@id\":\"https:\\\/\\\/justknow.pl\\\/wp-content\\\/uploads\\\/2025\\\/10\\\/cropped-ChatGPT-Image-8-paz-2025-16_13_29.png\",\"url\":\"https:\\\/\\\/justknow.pl\\\/wp-content\\\/uploads\\\/2025\\\/10\\\/cropped-ChatGPT-Image-8-paz-2025-16_13_29.png\",\"contentUrl\":\"https:\\\/\\\/justknow.pl\\\/wp-content\\\/uploads\\\/2025\\\/10\\\/cropped-ChatGPT-Image-8-paz-2025-16_13_29.png\",\"width\":832,\"height\":282,\"caption\":\"Milena Ga\u0142decka\"},\"logo\":{\"@id\":\"https:\\\/\\\/justknow.pl\\\/wp-content\\\/uploads\\\/2025\\\/10\\\/cropped-ChatGPT-Image-8-paz-2025-16_13_29.png\"},\"sameAs\":[\"http:\\\/\\\/justknow.pl\"]}]}<\/script>\n<!-- \/ Yoast SEO plugin. -->","yoast_head_json":{"title":"Dokumenty do pobrania - Just know","robots":{"index":"index","follow":"follow","max-snippet":"max-snippet:-1","max-image-preview":"max-image-preview:large","max-video-preview":"max-video-preview:-1"},"canonical":"https:\/\/justknow.pl\/index.php\/dokumenty-do-pobrania\/","og_locale":"pl_PL","og_type":"article","og_title":"Dokumenty do pobrania - Just know","og_description":"Umowa o prac\u0119 \ud83d\udcc4 Umowa o prac\u0119 na okres pr\u00f3bny &#8211; pobierz wz\u00f3r (PDF) Rozwi\u0105zanie umowy o prac\u0119","og_url":"https:\/\/justknow.pl\/index.php\/dokumenty-do-pobrania\/","og_site_name":"Just know","article_modified_time":"2026-03-13T20:19:08+00:00","twitter_card":"summary_large_image","twitter_misc":{"Szacowany czas czytania":"1 minuta"},"schema":{"@context":"https:\/\/schema.org","@graph":[{"@type":"WebPage","@id":"https:\/\/justknow.pl\/index.php\/dokumenty-do-pobrania\/","url":"https:\/\/justknow.pl\/index.php\/dokumenty-do-pobrania\/","name":"Dokumenty do pobrania - Just know","isPartOf":{"@id":"https:\/\/justknow.pl\/#website"},"datePublished":"2026-03-13T18:34:15+00:00","dateModified":"2026-03-13T20:19:08+00:00","breadcrumb":{"@id":"https:\/\/justknow.pl\/index.php\/dokumenty-do-pobrania\/#breadcrumb"},"inLanguage":"pl-PL","potentialAction":[{"@type":"ReadAction","target":["https:\/\/justknow.pl\/index.php\/dokumenty-do-pobrania\/"]}]},{"@type":"BreadcrumbList","@id":"https:\/\/justknow.pl\/index.php\/dokumenty-do-pobrania\/#breadcrumb","itemListElement":[{"@type":"ListItem","position":1,"name":"Strona g\u0142\u00f3wna","item":"https:\/\/justknow.pl\/"},{"@type":"ListItem","position":2,"name":"Dokumenty do pobrania"}]},{"@type":"WebSite","@id":"https:\/\/justknow.pl\/#website","url":"https:\/\/justknow.pl\/","name":"Just know","description":"po prostu wiedz","publisher":{"@id":"https:\/\/justknow.pl\/#\/schema\/person\/172bd2c8d386991627c61dd69901d9fd"},"potentialAction":[{"@type":"SearchAction","target":{"@type":"EntryPoint","urlTemplate":"https:\/\/justknow.pl\/?s={search_term_string}"},"query-input":{"@type":"PropertyValueSpecification","valueRequired":true,"valueName":"search_term_string"}}],"inLanguage":"pl-PL"},{"@type":["Person","Organization"],"@id":"https:\/\/justknow.pl\/#\/schema\/person\/172bd2c8d386991627c61dd69901d9fd","name":"Milena Ga\u0142decka","image":{"@type":"ImageObject","inLanguage":"pl-PL","@id":"https:\/\/justknow.pl\/wp-content\/uploads\/2025\/10\/cropped-ChatGPT-Image-8-paz-2025-16_13_29.png","url":"https:\/\/justknow.pl\/wp-content\/uploads\/2025\/10\/cropped-ChatGPT-Image-8-paz-2025-16_13_29.png","contentUrl":"https:\/\/justknow.pl\/wp-content\/uploads\/2025\/10\/cropped-ChatGPT-Image-8-paz-2025-16_13_29.png","width":832,"height":282,"caption":"Milena Ga\u0142decka"},"logo":{"@id":"https:\/\/justknow.pl\/wp-content\/uploads\/2025\/10\/cropped-ChatGPT-Image-8-paz-2025-16_13_29.png"},"sameAs":["http:\/\/justknow.pl"]}]}},"_links":{"self":[{"href":"https:\/\/justknow.pl\/index.php\/wp-json\/wp\/v2\/pages\/564","targetHints":{"allow":["GET"]}}],"collection":[{"href":"https:\/\/justknow.pl\/index.php\/wp-json\/wp\/v2\/pages"}],"about":[{"href":"https:\/\/justknow.pl\/index.php\/wp-json\/wp\/v2\/types\/page"}],"author":[{"embeddable":true,"href":"https:\/\/justknow.pl\/index.php\/wp-json\/wp\/v2\/users\/2"}],"replies":[{"embeddable":true,"href":"https:\/\/justknow.pl\/index.php\/wp-json\/wp\/v2\/comments?post=564"}],"version-history":[{"count":12,"href":"https:\/\/justknow.pl\/index.php\/wp-json\/wp\/v2\/pages\/564\/revisions"}],"predecessor-version":[{"id":1399,"href":"https:\/\/justknow.pl\/index.php\/wp-json\/wp\/v2\/pages\/564\/revisions\/1399"}],"wp:attachment":[{"href":"https:\/\/justknow.pl\/index.php\/wp-json\/wp\/v2\/media?parent=564"}],"curies":[{"name":"wp","href":"https:\/\/api.w.org\/{rel}","templated":true}]}}